{"id":410,"date":"2025-04-22T23:55:42","date_gmt":"2025-04-23T02:55:42","guid":{"rendered":"http:\/\/localhost:10008\/?page_id=410"},"modified":"2025-09-30T15:59:01","modified_gmt":"2025-09-30T18:59:01","slug":"contato","status":"publish","type":"page","link":"https:\/\/davidbastos.com.br\/en\/contato\/","title":{"rendered":"Get in touch"},"content":{"rendered":"<div data-elementor-type=\"wp-page\" data-elementor-id=\"410\" class=\"elementor elementor-410\" data-elementor-post-type=\"page\">\n\t\t\t\t<div class=\"elementor-element elementor-element-4021a57 e-flex e-con-boxed e-con e-parent\" data-id=\"4021a57\" data-element_type=\"container\">\n\t\t\t\t\t<div class=\"e-con-inner\">\n\t\t<div class=\"elementor-element elementor-element-67996df e-con-full e-flex e-con e-child\" data-id=\"67996df\" data-element_type=\"container\">\n\t\t\t\t<div class=\"elementor-element elementor-element-3d1f5d0 elementor-widget-divider--view-line elementor-widget elementor-widget-divider\" data-id=\"3d1f5d0\" data-element_type=\"widget\" data-widget_type=\"divider.default\">\n\t\t\t\t<div class=\"elementor-widget-container\">\n\t\t\t\t\t\t\t<div class=\"elementor-divider\">\n\t\t\t<span class=\"elementor-divider-separator\">\n\t\t\t\t\t\t<\/span>\n\t\t<\/div>\n\t\t\t\t\t\t<\/div>\n\t\t\t\t<\/div>\n\t\t\t\t<\/div>\n\t\t\t\t\t<\/div>\n\t\t\t\t<\/div>\n\t\t<div class=\"elementor-element elementor-element-d86fa2b e-flex e-con-boxed e-con e-parent\" data-id=\"d86fa2b\" data-element_type=\"container\">\n\t\t\t\t\t<div class=\"e-con-inner\">\n\t\t<div class=\"elementor-element elementor-element-f82d65f e-con-full e-flex e-con e-child\" data-id=\"f82d65f\" data-element_type=\"container\">\n\t\t\t\t<div class=\"elementor-element elementor-element-5895685 elementor-widget elementor-widget-heading\" data-id=\"5895685\" data-element_type=\"widget\" data-widget_type=\"heading.default\">\n\t\t\t\t<div class=\"elementor-widget-container\">\n\t\t\t\t\t<h4 class=\"elementor-heading-title elementor-size-default\">salvador<\/h4>\t\t\t\t<\/div>\n\t\t\t\t<\/div>\n\t\t\t\t<div class=\"elementor-element elementor-element-8db54b2 elementor-widget elementor-widget-heading\" data-id=\"8db54b2\" data-element_type=\"widget\" data-widget_type=\"heading.default\">\n\t\t\t\t<div class=\"elementor-widget-container\">\n\t\t\t\t\t<h4 class=\"elementor-heading-title elementor-size-default\">BA | +55 71 3038.0101<\/h4>\t\t\t\t<\/div>\n\t\t\t\t<\/div>\n\t\t\t\t<div class=\"elementor-element elementor-element-fd4f600 elementor-widget elementor-widget-heading\" data-id=\"fd4f600\" data-element_type=\"widget\" data-widget_type=\"heading.default\">\n\t\t\t\t<div class=\"elementor-widget-container\">\n\t\t\t\t\t<h4 class=\"elementor-heading-title elementor-size-default\">arquitetura@dbarquitetos.com<\/h4>\t\t\t\t<\/div>\n\t\t\t\t<\/div>\n\t\t\t\t<div class=\"elementor-element elementor-element-0d42ba9 elementor-widget elementor-widget-heading\" data-id=\"0d42ba9\" data-element_type=\"widget\" data-widget_type=\"heading.default\">\n\t\t\t\t<div class=\"elementor-widget-container\">\n\t\t\t\t\t<h4 class=\"elementor-heading-title elementor-size-default\"> Av. Lafayette Coutinho 1010, Store 16, Marina Contorno, Comercio Salvador-BA Postcode: 40015-160 +55 71 3038.0101 +55 71 9971.0000\n<\/h4>\t\t\t\t<\/div>\n\t\t\t\t<\/div>\n\t\t\t\t<\/div>\n\t\t<div class=\"elementor-element elementor-element-fc0b61b e-con-full e-flex e-con e-child\" data-id=\"fc0b61b\" data-element_type=\"container\">\n\t\t\t\t<div class=\"elementor-element elementor-element-9282931 elementor-widget elementor-widget-heading\" data-id=\"9282931\" data-element_type=\"widget\" data-widget_type=\"heading.default\">\n\t\t\t\t<div class=\"elementor-widget-container\">\n\t\t\t\t\t<h4 class=\"elementor-heading-title elementor-size-default\">S\u00c3O PAULO<\/h4>\t\t\t\t<\/div>\n\t\t\t\t<\/div>\n\t\t\t\t<div class=\"elementor-element elementor-element-f2adb25 elementor-widget elementor-widget-heading\" data-id=\"f2adb25\" data-element_type=\"widget\" data-widget_type=\"heading.default\">\n\t\t\t\t<div class=\"elementor-widget-container\">\n\t\t\t\t\t<h4 class=\"elementor-heading-title elementor-size-default\">SP | +55 11 3088.5500<\/h4>\t\t\t\t<\/div>\n\t\t\t\t<\/div>\n\t\t\t\t<div class=\"elementor-element elementor-element-c5868f6 elementor-widget elementor-widget-heading\" data-id=\"c5868f6\" data-element_type=\"widget\" data-widget_type=\"heading.default\">\n\t\t\t\t<div class=\"elementor-widget-container\">\n\t\t\t\t\t<h4 class=\"elementor-heading-title elementor-size-default\">arquitetura@dbarquitetos.com<\/h4>\t\t\t\t<\/div>\n\t\t\t\t<\/div>\n\t\t\t\t<div class=\"elementor-element elementor-element-9e4c1eb elementor-widget elementor-widget-heading\" data-id=\"9e4c1eb\" data-element_type=\"widget\" data-widget_type=\"heading.default\">\n\t\t\t\t<div class=\"elementor-widget-container\">\n\t\t\t\t\t<h4 class=\"elementor-heading-title elementor-size-default\">Rua da Consola\u00e7\u00e3o, 3741 5\u00ba floor, S\u00e3o Paulo, SP Postcode: 01.416.001 +55 11 3088.5500\n\n<\/h4>\t\t\t\t<\/div>\n\t\t\t\t<\/div>\n\t\t\t\t<\/div>\n\t\t\t\t\t<\/div>\n\t\t\t\t<\/div>\n\t\t<div class=\"elementor-element elementor-element-8ea90ef e-flex e-con-boxed e-con e-parent\" data-id=\"8ea90ef\" data-element_type=\"container\">\n\t\t\t\t\t<div class=\"e-con-inner\">\n\t\t<div class=\"elementor-element elementor-element-7415449 e-con-full e-flex e-con e-child\" data-id=\"7415449\" data-element_type=\"container\">\n\t\t\t\t<div class=\"elementor-element elementor-element-43d19c2 elementor-widget elementor-widget-image\" data-id=\"43d19c2\" data-element_type=\"widget\" data-widget_type=\"image.default\">\n\t\t\t\t<div class=\"elementor-widget-container\">\n\t\t\t\t\t\t\t\t\t\t\t\t\t\t\t<img decoding=\"async\" width=\"768\" height=\"414\" src=\"https:\/\/davidbastos.com.br\/wp-content\/uploads\/2025\/09\/IMG_7591_T.Reines-768x414.jpg\" class=\"attachment-medium_large size-medium_large wp-image-919\" alt=\"\" srcset=\"https:\/\/davidbastos.com.br\/wp-content\/uploads\/2025\/09\/IMG_7591_T.Reines-768x414.jpg 768w, https:\/\/davidbastos.com.br\/wp-content\/uploads\/2025\/09\/IMG_7591_T.Reines-300x162.jpg 300w, https:\/\/davidbastos.com.br\/wp-content\/uploads\/2025\/09\/IMG_7591_T.Reines-1024x552.jpg 1024w, https:\/\/davidbastos.com.br\/wp-content\/uploads\/2025\/09\/IMG_7591_T.Reines-1536x827.jpg 1536w, https:\/\/davidbastos.com.br\/wp-content\/uploads\/2025\/09\/IMG_7591_T.Reines-2048x1103.jpg 2048w\" sizes=\"(max-width: 768px) 100vw, 768px\" \/>\t\t\t\t\t\t\t\t\t\t\t\t\t\t\t<\/div>\n\t\t\t\t<\/div>\n\t\t\t\t<\/div>\n\t\t<div class=\"elementor-element elementor-element-3ad42c2 e-con-full e-flex e-con e-child\" data-id=\"3ad42c2\" data-element_type=\"container\">\n\t\t\t\t<div class=\"elementor-element elementor-element-2bc72ec elementor-widget elementor-widget-image\" data-id=\"2bc72ec\" data-element_type=\"widget\" data-widget_type=\"image.default\">\n\t\t\t\t<div class=\"elementor-widget-container\">\n\t\t\t\t\t\t\t\t\t\t\t\t\t\t\t<img decoding=\"async\" width=\"768\" height=\"512\" src=\"https:\/\/davidbastos.com.br\/wp-content\/uploads\/2025\/09\/T.Reines_IMG_0822-768x512.jpg\" class=\"attachment-medium_large size-medium_large wp-image-920\" alt=\"\" srcset=\"https:\/\/davidbastos.com.br\/wp-content\/uploads\/2025\/09\/T.Reines_IMG_0822-768x512.jpg 768w, https:\/\/davidbastos.com.br\/wp-content\/uploads\/2025\/09\/T.Reines_IMG_0822-300x200.jpg 300w, https:\/\/davidbastos.com.br\/wp-content\/uploads\/2025\/09\/T.Reines_IMG_0822-1024x683.jpg 1024w, https:\/\/davidbastos.com.br\/wp-content\/uploads\/2025\/09\/T.Reines_IMG_0822-1536x1024.jpg 1536w, https:\/\/davidbastos.com.br\/wp-content\/uploads\/2025\/09\/T.Reines_IMG_0822-2048x1365.jpg 2048w\" sizes=\"(max-width: 768px) 100vw, 768px\" \/>\t\t\t\t\t\t\t\t\t\t\t\t\t\t\t<\/div>\n\t\t\t\t<\/div>\n\t\t\t\t<\/div>\n\t\t\t\t\t<\/div>\n\t\t\t\t<\/div>\n\t\t\t\t<\/div>","protected":false},"excerpt":{"rendered":"<p>salvador BA | +55 71 3038.0101 arquitetura@dbarquitetos.com Av. Lafayette Coutinho 1010, loja 16, Marina Contorno, Comercio Salvador-BA CEP: 40015-160 +55 71 3038.0101 +55 71 9971.0000 S\u00c3O PAULO SP | +55 11 3088.5500 arquitetura@dbarquitetos.com Rua da Consola\u00e7\u00e3o, 3741 5\u00ba andar, S\u00e3o Paulo, SP Cep: 01.416.001 +55 11 3088.5500<\/p>","protected":false},"author":1,"featured_media":0,"parent":0,"menu_order":0,"comment_status":"closed","ping_status":"closed","template":"","meta":{"_acf_changed":false,"footnotes":""},"class_list":["post-410","page","type-page","status-publish","hentry"],"acf":[],"aioseo_notices":[],"_hostinger_reach_plugin_has_subscription_block":false,"_hostinger_reach_plugin_is_elementor":false,"_links":{"self":[{"href":"https:\/\/davidbastos.com.br\/en\/wp-json\/wp\/v2\/pages\/410","targetHints":{"allow":["GET"]}}],"collection":[{"href":"https:\/\/davidbastos.com.br\/en\/wp-json\/wp\/v2\/pages"}],"about":[{"href":"https:\/\/davidbastos.com.br\/en\/wp-json\/wp\/v2\/types\/page"}],"author":[{"embeddable":true,"href":"https:\/\/davidbastos.com.br\/en\/wp-json\/wp\/v2\/users\/1"}],"replies":[{"embeddable":true,"href":"https:\/\/davidbastos.com.br\/en\/wp-json\/wp\/v2\/comments?post=410"}],"version-history":[{"count":19,"href":"https:\/\/davidbastos.com.br\/en\/wp-json\/wp\/v2\/pages\/410\/revisions"}],"predecessor-version":[{"id":923,"href":"https:\/\/davidbastos.com.br\/en\/wp-json\/wp\/v2\/pages\/410\/revisions\/923"}],"wp:attachment":[{"href":"https:\/\/davidbastos.com.br\/en\/wp-json\/wp\/v2\/media?parent=410"}],"curies":[{"name":"wp","href":"https:\/\/api.w.org\/{rel}","templated":true}]}}