{"id":366,"date":"2025-04-22T23:09:56","date_gmt":"2025-04-23T02:09:56","guid":{"rendered":"http:\/\/localhost:10008\/?page_id=366"},"modified":"2025-11-14T07:04:29","modified_gmt":"2025-11-14T10:04:29","slug":"escritorio","status":"publish","type":"page","link":"https:\/\/davidbastos.com.br\/en\/escritorio\/","title":{"rendered":"Office"},"content":{"rendered":"<div data-elementor-type=\"wp-page\" data-elementor-id=\"366\" class=\"elementor elementor-366\" data-elementor-post-type=\"page\">\n\t\t\t\t<div class=\"elementor-element elementor-element-b591ec2 e-flex e-con-boxed e-con e-parent\" data-id=\"b591ec2\" data-element_type=\"container\" data-e-type=\"container\">\n\t\t\t\t\t<div class=\"e-con-inner\">\n\t\t<div class=\"elementor-element elementor-element-a0ec559 e-con-full e-flex e-con e-child\" data-id=\"a0ec559\" data-element_type=\"container\" data-e-type=\"container\">\n\t\t\t\t<div class=\"elementor-element elementor-element-7a3fdc0 elementor-widget-divider--view-line elementor-widget elementor-widget-divider\" data-id=\"7a3fdc0\" data-element_type=\"widget\" data-e-type=\"widget\" data-widget_type=\"divider.default\">\n\t\t\t\t<div class=\"elementor-widget-container\">\n\t\t\t\t\t\t\t<div class=\"elementor-divider\">\n\t\t\t<span class=\"elementor-divider-separator\">\n\t\t\t\t\t\t<\/span>\n\t\t<\/div>\n\t\t\t\t\t\t<\/div>\n\t\t\t\t<\/div>\n\t\t\t\t<\/div>\n\t\t\t\t\t<\/div>\n\t\t\t\t<\/div>\n\t\t<div class=\"elementor-element elementor-element-60bf54c e-flex e-con-boxed e-con e-parent\" data-id=\"60bf54c\" data-element_type=\"container\" data-e-type=\"container\">\n\t\t\t\t\t<div class=\"e-con-inner\">\n\t\t<div class=\"elementor-element elementor-element-c1bb636 e-con-full e-flex e-con e-child\" data-id=\"c1bb636\" data-element_type=\"container\" data-e-type=\"container\">\n\t\t\t\t<div class=\"elementor-element elementor-element-aa75d27 elementor-widget elementor-widget-heading\" data-id=\"aa75d27\" data-element_type=\"widget\" data-e-type=\"widget\" data-widget_type=\"heading.default\">\n\t\t\t\t<div class=\"elementor-widget-container\">\n\t\t\t\t\t<h2 class=\"elementor-heading-title elementor-size-default\">David Bastos<\/h2>\t\t\t\t<\/div>\n\t\t\t\t<\/div>\n\t\t\t\t<div class=\"elementor-element elementor-element-ebb32a2 elementor-widget elementor-widget-heading\" data-id=\"ebb32a2\" data-element_type=\"widget\" data-e-type=\"widget\" data-widget_type=\"heading.default\">\n\t\t\t\t<div class=\"elementor-widget-container\">\n\t\t\t\t\t<h2 class=\"elementor-heading-title elementor-size-default\">Architect, Founding Partner<\/h2>\t\t\t\t<\/div>\n\t\t\t\t<\/div>\n\t\t\t\t<div class=\"elementor-element elementor-element-5337e5a elementor-widget__width-auto elementor-widget elementor-widget-text-editor\" data-id=\"5337e5a\" data-element_type=\"widget\" data-e-type=\"widget\" data-widget_type=\"text-editor.default\">\n\t\t\t\t<div class=\"elementor-widget-container\">\n\t\t\t\t\t\t\t\t\t<p class=\"\" data-start=\"143\" data-end=\"585\">Architect David Bastos leads the firm that bears his name, with offices in Salvador and S\u00e3o Paulo. A graduate in Architecture and Urbanism from the Federal University of Bahia (UFBA), he began his professional career working in the public sector, developing social housing and urban planning projects for the state government of Bahia. In the 1990s, he opened his own studio, propelled by his first commissions for beach houses along the coast of Bahia.<\/p><p data-start=\"587\" data-end=\"1001\" class=\"translation-block\">From the beginning, his interior design projects drew attention for their natural ability to move between contemporary, rustic, and classic styles \u2014 a signature that quickly stood out in specialized publications in Brazil. Over nearly three decades, his firm has broadened its scope, taking on a wide range of residential, commercial, and corporate projects in various regions of the country and abroad.<\/p>\t\t\t\t\t\t\t\t<\/div>\n\t\t\t\t<\/div>\n\t\t\t\t<\/div>\n\t\t<div class=\"elementor-element elementor-element-120bcdd e-con-full e-flex e-con e-child\" data-id=\"120bcdd\" data-element_type=\"container\" data-e-type=\"container\">\n\t\t\t\t<div class=\"elementor-element elementor-element-ff22bf4 elementor-widget elementor-widget-image\" data-id=\"ff22bf4\" data-element_type=\"widget\" data-e-type=\"widget\" data-widget_type=\"image.default\">\n\t\t\t\t<div class=\"elementor-widget-container\">\n\t\t\t\t\t\t\t\t\t\t\t\t\t\t\t<img decoding=\"async\" width=\"924\" height=\"605\" src=\"https:\/\/davidbastos.com.br\/wp-content\/uploads\/2025\/11\/arquiteto-david-bastos-153-pb.webp\" class=\"attachment-2048x2048 size-2048x2048 wp-image-1132\" alt=\"\" srcset=\"https:\/\/davidbastos.com.br\/wp-content\/uploads\/2025\/11\/arquiteto-david-bastos-153-pb.webp 924w, https:\/\/davidbastos.com.br\/wp-content\/uploads\/2025\/11\/arquiteto-david-bastos-153-pb-300x196.webp 300w, https:\/\/davidbastos.com.br\/wp-content\/uploads\/2025\/11\/arquiteto-david-bastos-153-pb-768x503.webp 768w, https:\/\/davidbastos.com.br\/wp-content\/uploads\/2025\/11\/arquiteto-david-bastos-153-pb-18x12.webp 18w\" sizes=\"(max-width: 924px) 100vw, 924px\" \/>\t\t\t\t\t\t\t\t\t\t\t\t\t\t\t<\/div>\n\t\t\t\t<\/div>\n\t\t\t\t<\/div>\n\t\t\t\t\t<\/div>\n\t\t\t\t<\/div>\n\t\t\t\t<\/div>","protected":false},"excerpt":{"rendered":"<p>David Bastos Arquiteto S\u00f3cio Fundador O arquiteto David Bastos comanda o escrit\u00f3rio que leva seu nome, com sedes em Salvador e S\u00e3o Paulo. Formado em Arquitetura e Urbanismo pela Universidade Federal da Bahia (UFBA), iniciou sua trajet\u00f3ria profissional atuando no setor p\u00fablico, desenvolvendo projetos de habita\u00e7\u00e3o popular e urbanismo para o governo baiano. Na d\u00e9cada [&hellip;]<\/p>","protected":false},"author":1,"featured_media":0,"parent":0,"menu_order":0,"comment_status":"closed","ping_status":"closed","template":"","meta":{"_acf_changed":false,"footnotes":""},"class_list":["post-366","page","type-page","status-publish","hentry"],"acf":[],"aioseo_notices":[],"_hostinger_reach_plugin_has_subscription_block":false,"_hostinger_reach_plugin_is_elementor":false,"_links":{"self":[{"href":"https:\/\/davidbastos.com.br\/en\/wp-json\/wp\/v2\/pages\/366","targetHints":{"allow":["GET"]}}],"collection":[{"href":"https:\/\/davidbastos.com.br\/en\/wp-json\/wp\/v2\/pages"}],"about":[{"href":"https:\/\/davidbastos.com.br\/en\/wp-json\/wp\/v2\/types\/page"}],"author":[{"embeddable":true,"href":"https:\/\/davidbastos.com.br\/en\/wp-json\/wp\/v2\/users\/1"}],"replies":[{"embeddable":true,"href":"https:\/\/davidbastos.com.br\/en\/wp-json\/wp\/v2\/comments?post=366"}],"version-history":[{"count":127,"href":"https:\/\/davidbastos.com.br\/en\/wp-json\/wp\/v2\/pages\/366\/revisions"}],"predecessor-version":[{"id":1138,"href":"https:\/\/davidbastos.com.br\/en\/wp-json\/wp\/v2\/pages\/366\/revisions\/1138"}],"wp:attachment":[{"href":"https:\/\/davidbastos.com.br\/en\/wp-json\/wp\/v2\/media?parent=366"}],"curies":[{"name":"wp","href":"https:\/\/api.w.org\/{rel}","templated":true}]}}